{"id":2657,"date":"2019-08-13T10:58:01","date_gmt":"2019-08-13T10:58:01","guid":{"rendered":"https:\/\/www.underhaug.no\/?page_id=2657"},"modified":"2026-05-08T10:38:22","modified_gmt":"2026-05-08T10:38:22","slug":"contact-us","status":"publish","type":"page","link":"https:\/\/www.underhaug.no\/en\/contact-us\/","title":{"rendered":"Contact us"},"content":{"rendered":"<p><strong>Opening Hours<\/strong><br \/>\nMonday \u2013 Friday: 07:00 \u2013 15:00<\/p>\n<p><strong>Phone<\/strong><br \/>\n<a href=\"tel:(+47) 514 34 978\">(+47) 514 34 978<\/a><\/p>\n<p><strong>24-Hour Service<\/strong><br \/>\nArild H\u00f8ien: <a href=\"tel:(+47) 966 83 000\">(+47) 966 83 000<\/a><\/p>\n<p><strong>Visiting Address<\/strong><br \/>\n<a href=\"https:\/\/maps.google.com\/maps?ll=58.670913,5.643239&amp;z=15&amp;t=m&amp;hl=no-NO&amp;gl=US&amp;mapclient=embed&amp;q=Torlandsvegen%203%204365%20N\u00e6rb\u00f8\" target=\"_blank\" rel=\"noopener\">Torlandsvegen 3<\/a><br \/>\n4365 N\u00e6rb\u00f8<br \/>\nNorway<\/p>\n","protected":false},"excerpt":{"rendered":"<p>Opening Hours Monday \u2013 Friday: 07:00 \u2013 15:00 Phone (+47) 514 34 978 24-Hour Service Arild H\u00f8ien: (+47) 966 83 000 Visiting Address Torlandsvegen 3 4365 N\u00e6rb\u00f8 Norway<\/p>\n","protected":false},"author":5,"featured_media":0,"parent":0,"menu_order":0,"comment_status":"closed","ping_status":"closed","template":"","meta":{"_acf_changed":false,"footnotes":""},"class_list":["post-2657","page","type-page","status-publish","hentry"],"acf":[],"yoast_head":"<!-- This site is optimized with the Yoast SEO plugin v27.6 - https:\/\/yoast.com\/product\/yoast-seo-wordpress\/ -->\n<title>Contact us - Underhaug As<\/title>\n<meta name=\"robots\" content=\"index, follow, max-snippet:-1, max-image-preview:large, max-video-preview:-1\" \/>\n<link rel=\"canonical\" href=\"https:\/\/www.underhaug.no\/en\/contact-us\/\" \/>\n<meta property=\"og:locale\" content=\"en_US\" \/>\n<meta property=\"og:type\" content=\"article\" \/>\n<meta property=\"og:title\" content=\"Contact us - Underhaug As\" \/>\n<meta property=\"og:description\" content=\"Opening Hours Monday \u2013 Friday: 07:00 \u2013 15:00 Phone (+47) 514 34 978 24-Hour Service Arild H\u00f8ien: (+47) 966 83 000 Visiting Address Torlandsvegen 3 4365 N\u00e6rb\u00f8 Norway\" \/>\n<meta property=\"og:url\" content=\"https:\/\/www.underhaug.no\/en\/contact-us\/\" \/>\n<meta property=\"og:site_name\" content=\"Underhaug As\" \/>\n<meta property=\"article:modified_time\" content=\"2026-05-08T10:38:22+00:00\" \/>\n<meta name=\"twitter:card\" content=\"summary_large_image\" \/>\n<meta name=\"twitter:label1\" content=\"Est. reading time\" \/>\n\t<meta name=\"twitter:data1\" content=\"1 minute\" \/>\n<script type=\"application\/ld+json\" class=\"yoast-schema-graph\">{\"@context\":\"https:\\\/\\\/schema.org\",\"@graph\":[{\"@type\":\"WebPage\",\"@id\":\"https:\\\/\\\/www.underhaug.no\\\/en\\\/contact-us\\\/\",\"url\":\"https:\\\/\\\/www.underhaug.no\\\/en\\\/contact-us\\\/\",\"name\":\"Contact us - Underhaug As\",\"isPartOf\":{\"@id\":\"https:\\\/\\\/www.underhaug.no\\\/#website\"},\"datePublished\":\"2019-08-13T10:58:01+00:00\",\"dateModified\":\"2026-05-08T10:38:22+00:00\",\"breadcrumb\":{\"@id\":\"https:\\\/\\\/www.underhaug.no\\\/en\\\/contact-us\\\/#breadcrumb\"},\"inLanguage\":\"en-US\",\"potentialAction\":[{\"@type\":\"ReadAction\",\"target\":[\"https:\\\/\\\/www.underhaug.no\\\/en\\\/contact-us\\\/\"]}]},{\"@type\":\"BreadcrumbList\",\"@id\":\"https:\\\/\\\/www.underhaug.no\\\/en\\\/contact-us\\\/#breadcrumb\",\"itemListElement\":[{\"@type\":\"ListItem\",\"position\":1,\"name\":\"Hjem\",\"item\":\"https:\\\/\\\/www.underhaug.no\\\/en\\\/\"},{\"@type\":\"ListItem\",\"position\":2,\"name\":\"Contact us\"}]},{\"@type\":\"WebSite\",\"@id\":\"https:\\\/\\\/www.underhaug.no\\\/#website\",\"url\":\"https:\\\/\\\/www.underhaug.no\\\/\",\"name\":\"Underhaug As\",\"description\":\"Kvalitets, pris og levetid i forkus\",\"alternateName\":\"Underhaug\",\"potentialAction\":[{\"@type\":\"SearchAction\",\"target\":{\"@type\":\"EntryPoint\",\"urlTemplate\":\"https:\\\/\\\/www.underhaug.no\\\/?s={search_term_string}\"},\"query-input\":{\"@type\":\"PropertyValueSpecification\",\"valueRequired\":true,\"valueName\":\"search_term_string\"}}],\"inLanguage\":\"en-US\"}]}<\/script>\n<!-- \/ Yoast SEO plugin. -->","yoast_head_json":{"title":"Contact us - Underhaug As","robots":{"index":"index","follow":"follow","max-snippet":"max-snippet:-1","max-image-preview":"max-image-preview:large","max-video-preview":"max-video-preview:-1"},"canonical":"https:\/\/www.underhaug.no\/en\/contact-us\/","og_locale":"en_US","og_type":"article","og_title":"Contact us - Underhaug As","og_description":"Opening Hours Monday \u2013 Friday: 07:00 \u2013 15:00 Phone (+47) 514 34 978 24-Hour Service Arild H\u00f8ien: (+47) 966 83 000 Visiting Address Torlandsvegen 3 4365 N\u00e6rb\u00f8 Norway","og_url":"https:\/\/www.underhaug.no\/en\/contact-us\/","og_site_name":"Underhaug As","article_modified_time":"2026-05-08T10:38:22+00:00","twitter_card":"summary_large_image","twitter_misc":{"Est. reading time":"1 minute"},"schema":{"@context":"https:\/\/schema.org","@graph":[{"@type":"WebPage","@id":"https:\/\/www.underhaug.no\/en\/contact-us\/","url":"https:\/\/www.underhaug.no\/en\/contact-us\/","name":"Contact us - Underhaug As","isPartOf":{"@id":"https:\/\/www.underhaug.no\/#website"},"datePublished":"2019-08-13T10:58:01+00:00","dateModified":"2026-05-08T10:38:22+00:00","breadcrumb":{"@id":"https:\/\/www.underhaug.no\/en\/contact-us\/#breadcrumb"},"inLanguage":"en-US","potentialAction":[{"@type":"ReadAction","target":["https:\/\/www.underhaug.no\/en\/contact-us\/"]}]},{"@type":"BreadcrumbList","@id":"https:\/\/www.underhaug.no\/en\/contact-us\/#breadcrumb","itemListElement":[{"@type":"ListItem","position":1,"name":"Hjem","item":"https:\/\/www.underhaug.no\/en\/"},{"@type":"ListItem","position":2,"name":"Contact us"}]},{"@type":"WebSite","@id":"https:\/\/www.underhaug.no\/#website","url":"https:\/\/www.underhaug.no\/","name":"Underhaug As","description":"Kvalitets, pris og levetid i forkus","alternateName":"Underhaug","potentialAction":[{"@type":"SearchAction","target":{"@type":"EntryPoint","urlTemplate":"https:\/\/www.underhaug.no\/?s={search_term_string}"},"query-input":{"@type":"PropertyValueSpecification","valueRequired":true,"valueName":"search_term_string"}}],"inLanguage":"en-US"}]}},"_links":{"self":[{"href":"https:\/\/www.underhaug.no\/en\/wp-json\/wp\/v2\/pages\/2657","targetHints":{"allow":["GET"]}}],"collection":[{"href":"https:\/\/www.underhaug.no\/en\/wp-json\/wp\/v2\/pages"}],"about":[{"href":"https:\/\/www.underhaug.no\/en\/wp-json\/wp\/v2\/types\/page"}],"author":[{"embeddable":true,"href":"https:\/\/www.underhaug.no\/en\/wp-json\/wp\/v2\/users\/5"}],"replies":[{"embeddable":true,"href":"https:\/\/www.underhaug.no\/en\/wp-json\/wp\/v2\/comments?post=2657"}],"version-history":[{"count":13,"href":"https:\/\/www.underhaug.no\/en\/wp-json\/wp\/v2\/pages\/2657\/revisions"}],"predecessor-version":[{"id":4371,"href":"https:\/\/www.underhaug.no\/en\/wp-json\/wp\/v2\/pages\/2657\/revisions\/4371"}],"wp:attachment":[{"href":"https:\/\/www.underhaug.no\/en\/wp-json\/wp\/v2\/media?parent=2657"}],"curies":[{"name":"wp","href":"https:\/\/api.w.org\/{rel}","templated":true}]}}