{"id":2725,"date":"2023-02-22T08:04:12","date_gmt":"2023-02-22T08:04:12","guid":{"rendered":"https:\/\/www.underhaug.no\/produkt\/steinsvans-underhaug-multisvans\/"},"modified":"2025-09-30T08:54:49","modified_gmt":"2025-09-30T08:54:49","slug":"multi-fork","status":"publish","type":"product","link":"https:\/\/www.underhaug.no\/en\/product\/multi-fork\/","title":{"rendered":"Multi-fork"},"content":{"rendered":"<h3>Underhaug Multi-fork<\/h3>\n<h4>The Underhaug Multisvans is a multi-fork implement for front or rear mounting \u2013suitable for all transportation tasks. It is easy to adapt to all types of front loaders \/ tool carriers. Can also be delivered with standard 3-point connection.<\/h4>\n<h4>A unique tool<\/h4>\n<p>The Underhaug Multisvans is a unique multi-tool for handling stone and many other loading and transportation tasks such as: silage, dry manure, firewood, straw and hay bales, pallets etc. This is a real multi-fork implement! Robust frame design The frame is made of solid square tubes. The entire structure is reinforced with Kverneland\u2019s unique steel heat treatment method. This applies also to the tines.<\/p>\n<h4>Different widths, tine spacing and tine types<\/h4>\n<p>Underhaug Multisvans can be delivered in widths of 1.5 m, 2 m, 2.5 m and 3 m. Available with tine spacings 10 cm, 15 cm, 20 cm or 30 cm, with straight or curved tines. The cranked tines are especially suitable for various loading tasks and for gathering stones on top of loose soil. It\u2019s not necessary to lower the frame completely down to the ground. The result is better separation and less wear. The result is better separation and less wear on the cross beam.<\/p>\n<h4>Efficient<\/h4>\n<p>Underhaug\u2019s Multisvans with a hydraulic top linkage is an efficient multi-fork for breaking and transporting stones and roots. Mounted on a front loader it is a useful implement for handling silage, dry manure, stones etc. The four side tines provides safe handling and transportation with a full load. By dismantling some tines, Multisvans can also be used as a pallet fork.<span class=\"Apple-converted-space\">\u00a0<\/span><\/p>\n<h4>Various couplers<\/h4>\n<p>As standard Multisvans is delivered without connection brackets\/ couplers. Choose between: Trima, \u00c5l\u00f8, Bergsj\u00f8, \u00c5l\u00f8 type III, Large Volvo, Small Volvo and Stoll. In addition we can deliver tilt-frame (mechanical) for three-point linkage.<\/p>\n<h3>Technical specifications:<\/h3>\n<table style=\"height: 816px\" width=\"606\" cellspacing=\"0\" cellpadding=\"0\">\n<tbody>\n<tr>\n<td valign=\"middle\">Working width<\/td>\n<td valign=\"middle\"># Tines<\/td>\n<td valign=\"middle\">Tine spacing<\/td>\n<td valign=\"middle\">Weight<\/td>\n<td valign=\"middle\">Frame width<\/td>\n<td valign=\"middle\">Frame height<\/td>\n<\/tr>\n<tr>\n<td valign=\"middle\">150<\/td>\n<td valign=\"middle\">19<\/td>\n<td valign=\"middle\">10<\/td>\n<td valign=\"middle\">238<\/td>\n<td valign=\"middle\">171<\/td>\n<td valign=\"middle\">58<\/td>\n<\/tr>\n<tr>\n<td valign=\"middle\">150<\/td>\n<td valign=\"middle\">23<\/td>\n<td valign=\"middle\">10<\/td>\n<td valign=\"middle\">261<\/td>\n<td valign=\"middle\">171<\/td>\n<td valign=\"middle\">58<\/td>\n<\/tr>\n<tr>\n<td valign=\"middle\">150<\/td>\n<td valign=\"middle\">14<\/td>\n<td valign=\"middle\">15<\/td>\n<td valign=\"middle\">203<\/td>\n<td valign=\"middle\">171<\/td>\n<td valign=\"middle\">58<\/td>\n<\/tr>\n<tr>\n<td valign=\"middle\">150<\/td>\n<td valign=\"middle\">18<\/td>\n<td valign=\"middle\">15<\/td>\n<td valign=\"middle\">231<\/td>\n<td valign=\"middle\">171<\/td>\n<td valign=\"middle\">58<\/td>\n<\/tr>\n<tr>\n<td valign=\"middle\">150<\/td>\n<td valign=\"middle\">11<\/td>\n<td valign=\"middle\">20<\/td>\n<td valign=\"middle\">177<\/td>\n<td valign=\"middle\">171<\/td>\n<td valign=\"middle\">58<\/td>\n<\/tr>\n<tr>\n<td valign=\"middle\">200<\/td>\n<td valign=\"middle\">23<\/td>\n<td valign=\"middle\">10<\/td>\n<td valign=\"middle\">288<\/td>\n<td valign=\"middle\">211<\/td>\n<td valign=\"middle\">58<\/td>\n<\/tr>\n<tr>\n<td valign=\"middle\">200<\/td>\n<td valign=\"middle\">27<\/td>\n<td valign=\"middle\">10<\/td>\n<td valign=\"middle\">305<\/td>\n<td valign=\"middle\">211<\/td>\n<td valign=\"middle\">58<\/td>\n<\/tr>\n<tr>\n<td valign=\"middle\">200<\/td>\n<td valign=\"middle\">13<\/td>\n<td valign=\"middle\">20<\/td>\n<td valign=\"middle\">207<\/td>\n<td valign=\"middle\">211<\/td>\n<td valign=\"middle\">58<\/td>\n<\/tr>\n<tr>\n<td valign=\"middle\">250<\/td>\n<td valign=\"middle\">33<\/td>\n<td valign=\"middle\">10<\/td>\n<td valign=\"middle\">399<\/td>\n<td valign=\"middle\">272<\/td>\n<td valign=\"middle\">58<\/td>\n<\/tr>\n<tr>\n<td valign=\"middle\">250<\/td>\n<td valign=\"middle\">29<\/td>\n<td valign=\"middle\">10<\/td>\n<td valign=\"middle\">371<\/td>\n<td valign=\"middle\">272<\/td>\n<td valign=\"middle\">58<\/td>\n<\/tr>\n<tr>\n<td valign=\"middle\">250<\/td>\n<td valign=\"middle\">17<\/td>\n<td valign=\"middle\">20<\/td>\n<td valign=\"middle\">288<\/td>\n<td valign=\"middle\">272<\/td>\n<td valign=\"middle\">58<\/td>\n<\/tr>\n<tr>\n<td valign=\"middle\">300<\/td>\n<td valign=\"middle\">37<\/td>\n<td valign=\"middle\">10<\/td>\n<td valign=\"middle\">449<\/td>\n<td valign=\"middle\">312<\/td>\n<td valign=\"middle\">58<\/td>\n<\/tr>\n<tr>\n<td valign=\"middle\">300<\/td>\n<td valign=\"middle\">19<\/td>\n<td valign=\"middle\">20<\/td>\n<td valign=\"middle\">324<\/td>\n<td valign=\"middle\">312<\/td>\n<td valign=\"middle\">58<\/td>\n<\/tr>\n<\/tbody>\n<\/table>\n","protected":false},"excerpt":{"rendered":"<p>The Underhaug Multisvans is a multi-fork implement for front or rear mounting \u2013suitable for all transportation tasks. It is easy to adapt to all types of front loaders \/ tool carriers. Can also be delivered with standard 3-point connection.<\/p>\n<p>There may be distortions on the upper tube during curing. This has no practical significance for the product, only visual.<\/p>\n","protected":false},"featured_media":2026,"template":"","meta":{"_acf_changed":false},"product_brand":[],"product_cat":[186],"product_tag":[],"class_list":{"0":"post-2725","1":"product","2":"type-product","3":"status-publish","4":"has-post-thumbnail","6":"product_cat-tillage","8":"first","9":"instock","10":"product-type-simple"},"acf":[],"yoast_head":"<!-- This site is optimized with the Yoast SEO plugin v27.6 - https:\/\/yoast.com\/product\/yoast-seo-wordpress\/ -->\n<title>Multi-fork - Underhaug As<\/title>\n<meta name=\"robots\" content=\"index, follow, max-snippet:-1, max-image-preview:large, max-video-preview:-1\" \/>\n<link rel=\"canonical\" href=\"https:\/\/www.underhaug.no\/en\/product\/multi-fork\/\" \/>\n<meta property=\"og:locale\" content=\"en_US\" \/>\n<meta property=\"og:type\" content=\"article\" \/>\n<meta property=\"og:title\" content=\"Multi-fork - Underhaug As\" \/>\n<meta property=\"og:description\" content=\"The Underhaug Multisvans is a multi-fork implement for front or rear mounting \u2013suitable for all transportation tasks. It is easy to adapt to all types of front loaders \/ tool carriers. Can also be delivered with standard 3-point connection.  There may be distortions on the upper tube during curing. This has no practical significance for the product, only visual.\" \/>\n<meta property=\"og:url\" content=\"https:\/\/www.underhaug.no\/en\/product\/multi-fork\/\" \/>\n<meta property=\"og:site_name\" content=\"Underhaug As\" \/>\n<meta property=\"article:modified_time\" content=\"2025-09-30T08:54:49+00:00\" \/>\n<meta property=\"og:image\" content=\"https:\/\/www.underhaug.no\/wp-content\/uploads\/2023\/02\/WCA_0111-Edit-scaled.jpg\" \/>\n\t<meta property=\"og:image:width\" content=\"2560\" \/>\n\t<meta property=\"og:image:height\" content=\"1707\" \/>\n\t<meta property=\"og:image:type\" content=\"image\/jpeg\" \/>\n<meta name=\"twitter:card\" content=\"summary_large_image\" \/>\n<meta name=\"twitter:label1\" content=\"Est. reading time\" \/>\n\t<meta name=\"twitter:data1\" content=\"3 minutes\" \/>\n<script type=\"application\/ld+json\" class=\"yoast-schema-graph\">{\"@context\":\"https:\\\/\\\/schema.org\",\"@graph\":[{\"@type\":\"WebPage\",\"@id\":\"https:\\\/\\\/www.underhaug.no\\\/en\\\/product\\\/multi-fork\\\/\",\"url\":\"https:\\\/\\\/www.underhaug.no\\\/en\\\/product\\\/multi-fork\\\/\",\"name\":\"Multi-fork - Underhaug As\",\"isPartOf\":{\"@id\":\"https:\\\/\\\/www.underhaug.no\\\/#website\"},\"primaryImageOfPage\":{\"@id\":\"https:\\\/\\\/www.underhaug.no\\\/en\\\/product\\\/multi-fork\\\/#primaryimage\"},\"image\":{\"@id\":\"https:\\\/\\\/www.underhaug.no\\\/en\\\/product\\\/multi-fork\\\/#primaryimage\"},\"thumbnailUrl\":\"https:\\\/\\\/www.underhaug.no\\\/wp-content\\\/uploads\\\/2023\\\/02\\\/WCA_0111-Edit-scaled.jpg\",\"datePublished\":\"2023-02-22T08:04:12+00:00\",\"dateModified\":\"2025-09-30T08:54:49+00:00\",\"breadcrumb\":{\"@id\":\"https:\\\/\\\/www.underhaug.no\\\/en\\\/product\\\/multi-fork\\\/#breadcrumb\"},\"inLanguage\":\"en-US\",\"potentialAction\":[{\"@type\":\"ReadAction\",\"target\":[\"https:\\\/\\\/www.underhaug.no\\\/en\\\/product\\\/multi-fork\\\/\"]}]},{\"@type\":\"ImageObject\",\"inLanguage\":\"en-US\",\"@id\":\"https:\\\/\\\/www.underhaug.no\\\/en\\\/product\\\/multi-fork\\\/#primaryimage\",\"url\":\"https:\\\/\\\/www.underhaug.no\\\/wp-content\\\/uploads\\\/2023\\\/02\\\/WCA_0111-Edit-scaled.jpg\",\"contentUrl\":\"https:\\\/\\\/www.underhaug.no\\\/wp-content\\\/uploads\\\/2023\\\/02\\\/WCA_0111-Edit-scaled.jpg\",\"width\":2560,\"height\":1707},{\"@type\":\"BreadcrumbList\",\"@id\":\"https:\\\/\\\/www.underhaug.no\\\/en\\\/product\\\/multi-fork\\\/#breadcrumb\",\"itemListElement\":[{\"@type\":\"ListItem\",\"position\":1,\"name\":\"Hjem\",\"item\":\"https:\\\/\\\/www.underhaug.no\\\/en\\\/\"},{\"@type\":\"ListItem\",\"position\":2,\"name\":\"Products\",\"item\":\"https:\\\/\\\/www.underhaug.no\\\/en\\\/products\\\/\"},{\"@type\":\"ListItem\",\"position\":3,\"name\":\"Multi-fork\"}]},{\"@type\":\"WebSite\",\"@id\":\"https:\\\/\\\/www.underhaug.no\\\/#website\",\"url\":\"https:\\\/\\\/www.underhaug.no\\\/\",\"name\":\"Underhaug As\",\"description\":\"Kvalitets, pris og levetid i forkus\",\"alternateName\":\"Underhaug\",\"potentialAction\":[{\"@type\":\"SearchAction\",\"target\":{\"@type\":\"EntryPoint\",\"urlTemplate\":\"https:\\\/\\\/www.underhaug.no\\\/?s={search_term_string}\"},\"query-input\":{\"@type\":\"PropertyValueSpecification\",\"valueRequired\":true,\"valueName\":\"search_term_string\"}}],\"inLanguage\":\"en-US\"}]}<\/script>\n<!-- \/ Yoast SEO plugin. -->","yoast_head_json":{"title":"Multi-fork - Underhaug As","robots":{"index":"index","follow":"follow","max-snippet":"max-snippet:-1","max-image-preview":"max-image-preview:large","max-video-preview":"max-video-preview:-1"},"canonical":"https:\/\/www.underhaug.no\/en\/product\/multi-fork\/","og_locale":"en_US","og_type":"article","og_title":"Multi-fork - Underhaug As","og_description":"The Underhaug Multisvans is a multi-fork implement for front or rear mounting \u2013suitable for all transportation tasks. It is easy to adapt to all types of front loaders \/ tool carriers. Can also be delivered with standard 3-point connection.  There may be distortions on the upper tube during curing. This has no practical significance for the product, only visual.","og_url":"https:\/\/www.underhaug.no\/en\/product\/multi-fork\/","og_site_name":"Underhaug As","article_modified_time":"2025-09-30T08:54:49+00:00","og_image":[{"width":2560,"height":1707,"url":"https:\/\/www.underhaug.no\/wp-content\/uploads\/2023\/02\/WCA_0111-Edit-scaled.jpg","type":"image\/jpeg"}],"twitter_card":"summary_large_image","twitter_misc":{"Est. reading time":"3 minutes"},"schema":{"@context":"https:\/\/schema.org","@graph":[{"@type":"WebPage","@id":"https:\/\/www.underhaug.no\/en\/product\/multi-fork\/","url":"https:\/\/www.underhaug.no\/en\/product\/multi-fork\/","name":"Multi-fork - Underhaug As","isPartOf":{"@id":"https:\/\/www.underhaug.no\/#website"},"primaryImageOfPage":{"@id":"https:\/\/www.underhaug.no\/en\/product\/multi-fork\/#primaryimage"},"image":{"@id":"https:\/\/www.underhaug.no\/en\/product\/multi-fork\/#primaryimage"},"thumbnailUrl":"https:\/\/www.underhaug.no\/wp-content\/uploads\/2023\/02\/WCA_0111-Edit-scaled.jpg","datePublished":"2023-02-22T08:04:12+00:00","dateModified":"2025-09-30T08:54:49+00:00","breadcrumb":{"@id":"https:\/\/www.underhaug.no\/en\/product\/multi-fork\/#breadcrumb"},"inLanguage":"en-US","potentialAction":[{"@type":"ReadAction","target":["https:\/\/www.underhaug.no\/en\/product\/multi-fork\/"]}]},{"@type":"ImageObject","inLanguage":"en-US","@id":"https:\/\/www.underhaug.no\/en\/product\/multi-fork\/#primaryimage","url":"https:\/\/www.underhaug.no\/wp-content\/uploads\/2023\/02\/WCA_0111-Edit-scaled.jpg","contentUrl":"https:\/\/www.underhaug.no\/wp-content\/uploads\/2023\/02\/WCA_0111-Edit-scaled.jpg","width":2560,"height":1707},{"@type":"BreadcrumbList","@id":"https:\/\/www.underhaug.no\/en\/product\/multi-fork\/#breadcrumb","itemListElement":[{"@type":"ListItem","position":1,"name":"Hjem","item":"https:\/\/www.underhaug.no\/en\/"},{"@type":"ListItem","position":2,"name":"Products","item":"https:\/\/www.underhaug.no\/en\/products\/"},{"@type":"ListItem","position":3,"name":"Multi-fork"}]},{"@type":"WebSite","@id":"https:\/\/www.underhaug.no\/#website","url":"https:\/\/www.underhaug.no\/","name":"Underhaug As","description":"Kvalitets, pris og levetid i forkus","alternateName":"Underhaug","potentialAction":[{"@type":"SearchAction","target":{"@type":"EntryPoint","urlTemplate":"https:\/\/www.underhaug.no\/?s={search_term_string}"},"query-input":{"@type":"PropertyValueSpecification","valueRequired":true,"valueName":"search_term_string"}}],"inLanguage":"en-US"}]}},"_links":{"self":[{"href":"https:\/\/www.underhaug.no\/en\/wp-json\/wp\/v2\/product\/2725","targetHints":{"allow":["GET"]}}],"collection":[{"href":"https:\/\/www.underhaug.no\/en\/wp-json\/wp\/v2\/product"}],"about":[{"href":"https:\/\/www.underhaug.no\/en\/wp-json\/wp\/v2\/types\/product"}],"wp:featuredmedia":[{"embeddable":true,"href":"https:\/\/www.underhaug.no\/en\/wp-json\/wp\/v2\/media\/2026"}],"wp:attachment":[{"href":"https:\/\/www.underhaug.no\/en\/wp-json\/wp\/v2\/media?parent=2725"}],"wp:term":[{"taxonomy":"product_brand","embeddable":true,"href":"https:\/\/www.underhaug.no\/en\/wp-json\/wp\/v2\/product_brand?post=2725"},{"taxonomy":"product_cat","embeddable":true,"href":"https:\/\/www.underhaug.no\/en\/wp-json\/wp\/v2\/product_cat?post=2725"},{"taxonomy":"product_tag","embeddable":true,"href":"https:\/\/www.underhaug.no\/en\/wp-json\/wp\/v2\/product_tag?post=2725"}],"curies":[{"name":"wp","href":"https:\/\/api.w.org\/{rel}","templated":true}]}}